{"id":59,"date":"2020-11-06T09:58:25","date_gmt":"2020-11-06T08:58:25","guid":{"rendered":"https:\/\/amisdesemur.org\/?page_id=59"},"modified":"2022-10-10T19:53:00","modified_gmt":"2022-10-10T17:53:00","slug":"nos-actions-documents-et-projets","status":"publish","type":"page","link":"https:\/\/amisdesemur.org\/index.php\/nos-actions-documents-et-projets\/","title":{"rendered":"Nos Actions et Projets"},"content":{"rendered":"\n<h2 class=\"has-text-color has-large-font-size wp-block-heading\" style=\"color:#cc0033\">Nos actions<\/h2>\n\n\n\n<div class=\"wp-block-group alignwide\"><div class=\"wp-block-group__inner-container is-layout-flow wp-block-group-is-layout-flow\">\n<div class=\"wp-block-media-text alignwide is-vertically-aligned-center\" style=\"grid-template-columns:32% auto\"><figure class=\"wp-block-media-text__media\"><img loading=\"lazy\" decoding=\"async\" width=\"1024\" height=\"768\" src=\"https:\/\/amisdesemur.org\/wp-content\/uploads\/2020\/11\/Th\u00e9\u00e2tre-2-1024x768.jpg\" alt=\"\" class=\"wp-image-50 size-full\"\/><\/figure><div class=\"wp-block-media-text__content\">\n<ul class=\"wp-block-list\"><li><strong>Souscription r\u00e9alis\u00e9e pour le financement des travaux du th\u00e9\u00e2tre<\/strong>, en &nbsp;partenariat avec la ville de Semur et la Fondation du Patrimoine.<\/li><\/ul>\n<\/div><\/div>\n<\/div><\/div>\n\n\n\n<div class=\"wp-block-media-text alignwide is-stacked-on-mobile\" style=\"grid-template-columns:31% auto\"><figure class=\"wp-block-media-text__media\"><img loading=\"lazy\" decoding=\"async\" width=\"1632\" height=\"1224\" src=\"https:\/\/amisdesemur.org\/wp-content\/uploads\/2020\/11\/Action-5-Pancartes-Chemins-edited-1.jpg\" alt=\"\" class=\"wp-image-204 size-full\" srcset=\"https:\/\/amisdesemur.org\/wp-content\/uploads\/2020\/11\/Action-5-Pancartes-Chemins-edited-1.jpg 1632w, https:\/\/amisdesemur.org\/wp-content\/uploads\/2020\/11\/Action-5-Pancartes-Chemins-edited-1-300x225.jpg 300w, https:\/\/amisdesemur.org\/wp-content\/uploads\/2020\/11\/Action-5-Pancartes-Chemins-edited-1-1024x768.jpg 1024w, https:\/\/amisdesemur.org\/wp-content\/uploads\/2020\/11\/Action-5-Pancartes-Chemins-edited-1-768x576.jpg 768w, https:\/\/amisdesemur.org\/wp-content\/uploads\/2020\/11\/Action-5-Pancartes-Chemins-edited-1-1536x1152.jpg 1536w\" sizes=\"auto, (max-width: 1632px) 100vw, 1632px\" \/><\/figure><div class=\"wp-block-media-text__content\">\n<ul class=\"wp-block-list\"><li><strong>Sentiers p\u00e9destres&nbsp;: <\/strong>r\u00e9daction d\u2019itin\u00e9raires de d\u00e9couverte autour de la ville, d\u00e9frichement, recensement des chemins existants, ce qui a permis de les signaler par des panneaux pos\u00e9s avec l&#8217;aide des services techniques de la municipalit\u00e9.<\/li><\/ul>\n<\/div><\/div>\n\n\n\n<div class=\"wp-block-media-text alignwide is-stacked-on-mobile\" style=\"grid-template-columns:30% auto\"><figure class=\"wp-block-media-text__media\"><img loading=\"lazy\" decoding=\"async\" width=\"225\" height=\"300\" src=\"https:\/\/amisdesemur.org\/wp-content\/uploads\/2020\/11\/Action-2-restauration-calvaire-225x300.jpg\" alt=\"\" class=\"wp-image-20 size-full\" srcset=\"https:\/\/amisdesemur.org\/wp-content\/uploads\/2020\/11\/Action-2-restauration-calvaire-225x300.jpg 225w, https:\/\/amisdesemur.org\/wp-content\/uploads\/2020\/11\/Action-2-restauration-calvaire.jpg 707w\" sizes=\"auto, (max-width: 225px) 100vw, 225px\" \/><\/figure><div class=\"wp-block-media-text__content\">\n<ul class=\"wp-block-list\"><li><strong>Statues : <\/strong>R\u00e9tablissement de statues dans certaines niches vides sur les fa\u00e7ades des maisons<\/li><\/ul>\n<\/div><\/div>\n\n\n\n<ul class=\"wp-block-list\"><li><strong>Biblioth\u00e8que : <\/strong>Aide \u00e0 l&#8217;\u00e9quipe de la biblioth\u00e8que municipale pour le r\u00e9colement (inventaire pr\u00e9cis du fonds ancien).<\/li><\/ul>\n\n\n\n<div class=\"wp-block-media-text alignwide is-stacked-on-mobile\" style=\"grid-template-columns:30% auto\"><figure class=\"wp-block-media-text__media\"><img loading=\"lazy\" decoding=\"async\" width=\"212\" height=\"300\" src=\"https:\/\/amisdesemur.org\/wp-content\/uploads\/2020\/11\/Action-3-Cartels-mus\u00e9e-212x300.png\" alt=\"\" class=\"wp-image-21 size-full\" srcset=\"https:\/\/amisdesemur.org\/wp-content\/uploads\/2020\/11\/Action-3-Cartels-mus\u00e9e-212x300.png 212w, https:\/\/amisdesemur.org\/wp-content\/uploads\/2020\/11\/Action-3-Cartels-mus\u00e9e.png 513w\" sizes=\"auto, (max-width: 212px) 100vw, 212px\" \/><\/figure><div class=\"wp-block-media-text__content\">\n<ul class=\"wp-block-list\"><li><strong>Mus\u00e9e : <\/strong>Aide \u00e0 la r\u00e9alisation d\u2019outils de pr\u00e9sentation des \u0153uvres.<\/li><\/ul>\n<\/div><\/div>\n\n\n\n<ul class=\"wp-block-list\"><li><strong>Pierres s\u00e8ches <\/strong>: Formation et aide \u00e0 l\u2019entretien des murs. <\/li><\/ul>\n\n\n\n<div class=\"wp-block-media-text alignwide is-stacked-on-mobile\" style=\"grid-template-columns:29% auto\"><figure class=\"wp-block-media-text__media\"><img loading=\"lazy\" decoding=\"async\" width=\"300\" height=\"225\" src=\"https:\/\/amisdesemur.org\/wp-content\/uploads\/2020\/11\/Pont-des-Minimes-2-300x225.jpg\" alt=\"\" class=\"wp-image-41 size-full\" srcset=\"https:\/\/amisdesemur.org\/wp-content\/uploads\/2020\/11\/Pont-des-Minimes-2-300x225.jpg 300w, https:\/\/amisdesemur.org\/wp-content\/uploads\/2020\/11\/Pont-des-Minimes-2-768x576.jpg 768w, https:\/\/amisdesemur.org\/wp-content\/uploads\/2020\/11\/Pont-des-Minimes-2-1024x768.jpg 1024w, https:\/\/amisdesemur.org\/wp-content\/uploads\/2020\/11\/Pont-des-Minimes-2-1200x900.jpg 1200w, https:\/\/amisdesemur.org\/wp-content\/uploads\/2020\/11\/Pont-des-Minimes-2.jpg 1632w\" sizes=\"auto, (max-width: 300px) 100vw, 300px\" \/><\/figure><div class=\"wp-block-media-text__content\">\n<ul class=\"wp-block-list\"><li><strong>Retenues d\u2019eau des moulins : <\/strong>D\u00e9fense d&#8217;une int\u00e9gration des paysages des moulins et des retenues dans le plan de sauvegarde de la ville.<\/li><\/ul>\n<\/div><\/div>\n\n\n\n<div style=\"height:20px\" aria-hidden=\"true\" class=\"wp-block-spacer\"><\/div>\n\n\n\n<h2 class=\"has-text-color has-large-font-size wp-block-heading\" style=\"color:#cc0033\">Nos documents<\/h2>\n\n\n\n<ul class=\"wp-block-list\"><li><strong>Plan de sauvegarde de la ville de Semur : <\/strong>Publication de deux documents, l&#8217;un sur les murs en pierre s\u00e8che, l&#8217;autre pour orienter les particuliers dans leurs choix de travaux.<\/li><\/ul>\n\n\n\n<ul class=\"wp-block-list\"><li><strong>Fichier des \u0153uvres artistiques repr\u00e9sentant Semur :<\/strong>R\u00e9alisation d\u2019un fichier permettant des recherches par mots-cl\u00e9s (artistes, lieux\u2026).Il recense actuellement 380 \u0153uvres et &nbsp;&nbsp;nous cherchons \u00e0 le compl\u00e9ter.<\/li><\/ul>\n\n\n\n<ul class=\"wp-block-list\"><li><strong>Livret d&#8217;accueil : <\/strong>R\u00e9daction d\u2019un livret d&#8217;accueil pour les nouveaux venus dans notre ville, distribu\u00e9 \u00e0 la mairie, \u00e0 l&#8217;Office du Tourisme, dans les agences immobili\u00e8res et chez les notaires. <a href=\"https:\/\/amisdesemur.org\/wp-content\/uploads\/2021\/02\/181106-Livret-accueil-V2.pdf\">https:\/\/amisdesemur.org\/wp-content\/uploads\/2021\/02\/181106-Livret-accueil-V2.pdf<\/a><\/li><\/ul>\n\n\n\n<ul class=\"wp-block-list\"><li><strong>Chronologie :<\/strong> Publication d\u2019une chronologie de l\u2019histoire de Semur, disponible \u00e0 l\u2019Office de tourisme et en librairie.<\/li><\/ul>\n\n\n\n<div class=\"wp-block-media-text alignwide is-stacked-on-mobile\" style=\"grid-template-columns:25% auto\"><figure class=\"wp-block-media-text__media\"><img loading=\"lazy\" decoding=\"async\" width=\"213\" height=\"300\" src=\"https:\/\/amisdesemur.org\/wp-content\/uploads\/2020\/11\/Action-6-Livre-rues-Semur-213x300.png\" alt=\"\" class=\"wp-image-61 size-full\"\/><\/figure><div class=\"wp-block-media-text__content\">\n<ul class=\"wp-block-list\"><li>\u00c9dition d\u2019un nouveau livre : &#8220;RUES ET CHEMINS DE SEMUR EN AUXOIS&#8221; <\/li><li>D\u00e9couvrez ci-dessous quelques exemples de nos rubriques&#8230;et courrez acheter notre livre<\/li><li><a href=\"https:\/\/amisdesemur.org\/wp-content\/uploads\/2021\/02\/210218-Exemple-pages-livre.pdf\">https:\/\/amisdesemur.org\/wp-content\/uploads\/2021\/02\/210218-Exemple-pages-livre.pdf<\/a><\/li><\/ul>\n\n\n\n<p><\/p>\n<\/div><\/div>\n\n\n\n<div style=\"height:23px\" aria-hidden=\"true\" class=\"wp-block-spacer\"><\/div>\n\n\n\n<h2 class=\"has-text-color has-large-font-size wp-block-heading\" style=\"color:#cc0033\">Nos projets <\/h2>\n\n\n\n<ul class=\"wp-block-list\"><li><strong>Restauration du calvaire<\/strong> de la rue du Bourg Voisin. <\/li><\/ul>\n\n\n\n<ul class=\"wp-block-list\"><li><strong>Cr\u00e9ation de nouvelles sculptures<\/strong> pour garnir les niches vides.<\/li><\/ul>\n\n\n\n<ul class=\"wp-block-list\"><li><strong>Poursuite du travail sur les chemins<\/strong><\/li><\/ul>\n\n\n\n<ul class=\"wp-block-list\"><li>R\u00e9alisation avec la municipalit\u00e9 de <strong>panneaux explicatifs <\/strong>sur les monuments de la ville.<\/li><\/ul>\n","protected":false},"excerpt":{"rendered":"<p>Nos actions Souscription r\u00e9alis\u00e9e pour le financement des travaux du th\u00e9\u00e2tre, en &nbsp;partenariat avec la ville de Semur et la Fondation du Patrimoine. Sentiers p\u00e9destres&nbsp;: r\u00e9daction d\u2019itin\u00e9raires de d\u00e9couverte autour de la ville, d\u00e9frichement, recensement des chemins existants, ce qui<\/p>\n","protected":false},"author":1,"featured_media":0,"parent":0,"menu_order":0,"comment_status":"closed","ping_status":"closed","template":"","meta":{"ngg_post_thumbnail":0,"footnotes":""},"class_list":["post-59","page","type-page","status-publish","hentry"],"_links":{"self":[{"href":"https:\/\/amisdesemur.org\/index.php\/wp-json\/wp\/v2\/pages\/59","targetHints":{"allow":["GET"]}}],"collection":[{"href":"https:\/\/amisdesemur.org\/index.php\/wp-json\/wp\/v2\/pages"}],"about":[{"href":"https:\/\/amisdesemur.org\/index.php\/wp-json\/wp\/v2\/types\/page"}],"author":[{"embeddable":true,"href":"https:\/\/amisdesemur.org\/index.php\/wp-json\/wp\/v2\/users\/1"}],"replies":[{"embeddable":true,"href":"https:\/\/amisdesemur.org\/index.php\/wp-json\/wp\/v2\/comments?post=59"}],"version-history":[{"count":22,"href":"https:\/\/amisdesemur.org\/index.php\/wp-json\/wp\/v2\/pages\/59\/revisions"}],"predecessor-version":[{"id":331,"href":"https:\/\/amisdesemur.org\/index.php\/wp-json\/wp\/v2\/pages\/59\/revisions\/331"}],"wp:attachment":[{"href":"https:\/\/amisdesemur.org\/index.php\/wp-json\/wp\/v2\/media?parent=59"}],"curies":[{"name":"wp","href":"https:\/\/api.w.org\/{rel}","templated":true}]}}